{"id":10795,"date":"2020-10-02T16:24:44","date_gmt":"2020-10-02T16:24:44","guid":{"rendered":"https:\/\/memento.heritagemontreal.org\/?page_id=10795"},"modified":"2020-10-02T16:24:46","modified_gmt":"2020-10-02T16:24:46","slug":"owners-tools-and-references","status":"publish","type":"page","link":"https:\/\/memento.heritagemontreal.org\/en\/toolkit\/owners-tools-and-references\/","title":{"rendered":"Owners &#8211; Tools and references"},"content":{"rendered":"\t\t<header>\n\t\t\t<div class=\"header-general \">\n\t\t\t\t\t\t\t\t\t\t\t\t<div class=\"back-btn-ctn\">\n\t\t\t\t\t<div class=\"container-fluid\">\n\t\t\t\t\t\t<div class=\"row\">\n\t\t\t\t\t\t\t<div class=\"offset-md-2 col-md-8 back\">\n\t\t\t\t\t\t\t\t<a class=\"back-arrow\" href=\"https:\/\/memento.heritagemontreal.org\/boite-a-outils\/\">Back to bo\u00eete \u00e0 outils<\/a>\n\t\t\t\t\t\t\t<\/div>\n\t\t\t\t\t\t<\/div>\n\t\t\t\t\t<\/div>\n\t\t\t\t<\/div>\n\t\t\t\t\t\t\t\t<div class=\"container-fluid\">\n\t\t\t\t\t<div class=\"row align-items-center \">\n\t\t\t\t\t\t<div class=\"col-md-6 col-xl-4 col-sm-10 offset-sm-1 offset-lg-2 content\">\n\t\t\t\t\t\t\t<p class=\"upper\"><\/p>\n\t\t\t\t\t\t\t<h1 class=\"title\">Owners &#8211; Tools and references<\/h1>\n\t\t\t\t\t\t\t<div class=\"description\"><p>Reference guides, tools and programs destined to owners of heritage homes.<\/p>\n<\/div>\n\t\t\t\t\t\t\t\t\t\t\t\t\t<\/div>\n\t\t\t\t\t<\/div>\n\t\t\t\t<\/div>\n\t\t\t<\/div>\n\t\t<\/header>\n\n\n<section class=\"collapsable-cherry-pick \">\n\t<div class=\"container-fluid\">\n\t\t\t\t<div class=\"row\">\n\t\t\t<div class=\"col-sm-10 offset-sm-1 col-md-8 offset-md-2\">\n\t\t\t\t\t\t\t\t\t<div data-collapsable class=\"collapsable\">\n\t\t\t\t\t\t\t<div class=\"collapsable-title\" data-toggle>\n\t\t\t\t\t\t\t\tReference guides\t\t\t\t\t\t\t\t<div class=\"plus\"><\/div>\n\t\t\t\t\t\t\t<\/div>\n\t\t\t\t\t\t\t<div class=\"mask\" data-mask>\n\t\t\t\t\t\t\t\t<div class=\"content text-variant\" data-content>\n\t\t\t\t\t\t\t\t<ul>\n<li><a href=\"http:\/\/ville.montreal.qc.ca\/pls\/portal\/docs\/PAGE\/ARROND_PMR_FR\/MEDIA\/DOCUMENTS\/GUIDE-DESIGN-VF-WEB.PDF\"><em>Guide de design,<\/em> arrondissement du Plateau-Mont-Royal (s.d., in French)<\/a><\/li>\n<li><a href=\"http:\/\/ville.montreal.qc.ca\/pls\/portal\/docs\/PAGE\/ARROND_PMR_FR\/MEDIA\/DOCUMENTS\/PIIA_FASCICULE_4.PDF\"><em>Interventions sur les immeubles d&#8217;int\u00e9r\u00eat patrimonial,\u00a0<\/em>arrondissement du Plateau-Mont-Royal (2017, in French)<\/a><\/li>\n<li><a href=\"http:\/\/ville.montreal.qc.ca\/pls\/portal\/docs\/PAGE\/ARROND_PMR_FR\/MEDIA\/DOCUMENTS\/PIIA_FASCICULE_5.PDF\"><em>Transformations et remplacements sp\u00e9cifiques<\/em>, arrondissement du Plateau-Mont-Royal (2017, in French)<\/a><\/li>\n<li><a href=\"http:\/\/ville.montreal.qc.ca\/portal\/page?_pageid=7297,74613586&amp;_dad=portal&amp;_schema=PORTAL\">Fascicules sur les typologies architecturales, arrondissement du Plateau-Mont-Royal (2004, in French)<\/a><\/li>\n<\/ul>\n\t\t\t\t\t\t\t\t<\/div>\n\t\t\t\t\t\t\t<\/div>\n\t\t\t\t\t\t<\/div>\n\t\t\t\t\t\t\t\t\t\t\t<div data-collapsable class=\"collapsable\">\n\t\t\t\t\t\t\t<div class=\"collapsable-title\" data-toggle>\n\t\t\t\t\t\t\t\tProgrammes de subventions\t\t\t\t\t\t\t\t<div class=\"plus\"><\/div>\n\t\t\t\t\t\t\t<\/div>\n\t\t\t\t\t\t\t<div class=\"mask\" data-mask>\n\t\t\t\t\t\t\t\t<div class=\"content text-variant\" data-content>\n\t\t\t\t\t\t\t\t<p>Please note that Heritage Montr\u00e9al <strong>assumes no responsibility<\/strong> for the programs listed below. Please refer to the information contained on the websites of the municipalities concerned.<\/p>\n<p><strong>Province of Qu\u00e9bec<\/strong><\/p>\n<ul>\n<li>Phase 2 of the <em>Fonds du patrimoine culturel qu\u00e9b\u00e9cois du MCC<\/em> \u2013 <a href=\"https:\/\/www.mcc.gouv.qc.ca\/index.php?id=5254\">Protection ou mise en valeur des immeubles et sites d\u2019int\u00e9r\u00eat patrimonial significatif prot\u00e9g\u00e9s par les municipalit\u00e9s (in French)<\/a><\/li>\n<\/ul>\n<p><strong>City of Montr\u00e9al<\/strong><\/p>\n<ul>\n<li><a href=\"http:\/\/ville.montreal.qc.ca\/portal\/page?_pageid=9337,112625570&amp;_dad=portal&amp;_schema=PORTAL\">Programme\u00a0<em>R\u00e9novation \u00e0 la carte<\/em> (in French)<\/a><\/li>\n<li><a href=\"http:\/\/ville.montreal.qc.ca\/portal\/page?_pageid=9337,112625596&amp;_dad=portal&amp;_schema=PORTAL\">Programme\u00a0<em>R\u00e9novation r\u00e9sidentielle<\/em> majeure (in French)<\/a><\/li>\n<li><a href=\"http:\/\/ville.montreal.qc.ca\/portal\/page?_pageid=9337,143272888&amp;_dad=portal&amp;_schema=PORTAL\">Programme\u00a0<em>R\u00e9no logements abordables\u00a0<\/em>(6 logements et plus) (in French)<\/a><\/li>\n<li><a href=\"http:\/\/www1.ville.montreal.qc.ca\/banque311\/content\/subvention-programme-daide-%C3%A0-la-restauration-et-%C3%A0-la-r%C3%A9novation-des-b%C3%A2timents-%C3%A0-valeur-patri\">Programme d\u2019aide \u00e0 la restauration et \u00e0 la r\u00e9novation des b\u00e2timents \u00e0 valeur patrimoniale (in French)<\/a><\/li>\n<\/ul>\n<p><strong>Laval<\/strong><\/p>\n<ul>\n<li><a href=\"https:\/\/www.laval.ca\/Pages\/Fr\/Citoyens\/batiments-patrimoniaux.aspx\">Programme de revitalisation des b\u00e2timents patrimoniaux (in French)<\/a><\/li>\n<\/ul>\n<p><strong>North Shore<\/strong><\/p>\n<ul>\n<li>Sainte-Th\u00e9r\u00e8se : <a href=\"https:\/\/www.sainte-therese.ca\/services-aux-citoyens\/urbanisme-et-habitation\/programme-de-subvention-a-la-renovation-des-batiments-patrimoniaux.html\">Programme de subvention \u00e0 la r\u00e9novation des b\u00e2timents patrimoniaux (in French)<\/a><\/li>\n<\/ul>\n<p><strong>South Shore<\/strong><\/p>\n<ul>\n<li><i>More information to come<\/i><\/li>\n<\/ul>\n\t\t\t\t\t\t\t\t<\/div>\n\t\t\t\t\t\t\t<\/div>\n\t\t\t\t\t\t<\/div>\n\t\t\t\t\t\t\t\t<\/div>\n\t\t<\/div>\n\t<\/div>\n<\/section>\n","protected":false},"excerpt":{"rendered":"","protected":false},"author":4,"featured_media":0,"parent":10732,"menu_order":29,"comment_status":"closed","ping_status":"closed","template":"","meta":{"footnotes":""},"class_list":["post-10795","page","type-page","status-publish","hentry"],"acf":[],"yoast_head":"<!-- This site is optimized with the Yoast SEO plugin v27.0 - https:\/\/yoast.com\/product\/yoast-seo-wordpress\/ -->\n<title>Owners - Tools and references - H\u00e9ritage Montr\u00e9al<\/title>\n<meta name=\"robots\" content=\"index, follow, max-snippet:-1, max-image-preview:large, max-video-preview:-1\" \/>\n<link rel=\"canonical\" href=\"https:\/\/memento.heritagemontreal.org\/en\/toolkit\/owners-tools-and-references\/\" \/>\n<meta property=\"og:locale\" content=\"en_US\" \/>\n<meta property=\"og:type\" content=\"article\" \/>\n<meta property=\"og:title\" content=\"Owners - Tools and references - H\u00e9ritage Montr\u00e9al\" \/>\n<meta property=\"og:url\" content=\"https:\/\/memento.heritagemontreal.org\/en\/toolkit\/owners-tools-and-references\/\" \/>\n<meta property=\"og:site_name\" content=\"H\u00e9ritage Montr\u00e9al\" \/>\n<meta property=\"article:publisher\" content=\"https:\/\/www.facebook.com\/heritagemontreal\" \/>\n<meta property=\"article:modified_time\" content=\"2020-10-02T16:24:46+00:00\" \/>\n<meta property=\"og:image\" content=\"https:\/\/hmtl.s3.amazonaws.com\/wp-content\/uploads\/2020\/09\/memento-og1.jpg\" \/>\n\t<meta property=\"og:image:width\" content=\"1200\" \/>\n\t<meta property=\"og:image:height\" content=\"630\" \/>\n\t<meta property=\"og:image:type\" content=\"image\/jpeg\" \/>\n<meta name=\"twitter:card\" content=\"summary_large_image\" \/>\n<meta name=\"twitter:site\" content=\"@heritagemtl\" \/>\n<script type=\"application\/ld+json\" class=\"yoast-schema-graph\">{\"@context\":\"https:\/\/schema.org\",\"@graph\":[{\"@type\":\"WebPage\",\"@id\":\"https:\/\/memento.heritagemontreal.org\/en\/toolkit\/owners-tools-and-references\/\",\"url\":\"https:\/\/memento.heritagemontreal.org\/en\/toolkit\/owners-tools-and-references\/\",\"name\":\"Owners - Tools and references - H\u00e9ritage Montr\u00e9al\",\"isPartOf\":{\"@id\":\"https:\/\/memento.heritagemontreal.org\/en\/#website\"},\"datePublished\":\"2020-10-02T16:24:44+00:00\",\"dateModified\":\"2020-10-02T16:24:46+00:00\",\"breadcrumb\":{\"@id\":\"https:\/\/memento.heritagemontreal.org\/en\/toolkit\/owners-tools-and-references\/#breadcrumb\"},\"inLanguage\":\"en-US\",\"potentialAction\":[{\"@type\":\"ReadAction\",\"target\":[\"https:\/\/memento.heritagemontreal.org\/en\/toolkit\/owners-tools-and-references\/\"]}]},{\"@type\":\"BreadcrumbList\",\"@id\":\"https:\/\/memento.heritagemontreal.org\/en\/toolkit\/owners-tools-and-references\/#breadcrumb\",\"itemListElement\":[{\"@type\":\"ListItem\",\"position\":1,\"name\":\"Home\",\"item\":\"https:\/\/memento.heritagemontreal.org\/en\/\"},{\"@type\":\"ListItem\",\"position\":2,\"name\":\"Toolkit\",\"item\":\"https:\/\/memento.heritagemontreal.org\/en\/toolkit\/\"},{\"@type\":\"ListItem\",\"position\":3,\"name\":\"Owners &#8211; Tools and references\"}]},{\"@type\":\"WebSite\",\"@id\":\"https:\/\/memento.heritagemontreal.org\/en\/#website\",\"url\":\"https:\/\/memento.heritagemontreal.org\/en\/\",\"name\":\"H\u00e9ritage Montr\u00e9al\",\"description\":\"Just another WordPress site\",\"potentialAction\":[{\"@type\":\"SearchAction\",\"target\":{\"@type\":\"EntryPoint\",\"urlTemplate\":\"https:\/\/memento.heritagemontreal.org\/en\/?s={search_term_string}\"},\"query-input\":{\"@type\":\"PropertyValueSpecification\",\"valueRequired\":true,\"valueName\":\"search_term_string\"}}],\"inLanguage\":\"en-US\"}]}<\/script>\n<!-- \/ Yoast SEO plugin. -->","yoast_head_json":{"title":"Owners - Tools and references - H\u00e9ritage Montr\u00e9al","robots":{"index":"index","follow":"follow","max-snippet":"max-snippet:-1","max-image-preview":"max-image-preview:large","max-video-preview":"max-video-preview:-1"},"canonical":"https:\/\/memento.heritagemontreal.org\/en\/toolkit\/owners-tools-and-references\/","og_locale":"en_US","og_type":"article","og_title":"Owners - Tools and references - H\u00e9ritage Montr\u00e9al","og_url":"https:\/\/memento.heritagemontreal.org\/en\/toolkit\/owners-tools-and-references\/","og_site_name":"H\u00e9ritage Montr\u00e9al","article_publisher":"https:\/\/www.facebook.com\/heritagemontreal","article_modified_time":"2020-10-02T16:24:46+00:00","og_image":[{"width":1200,"height":630,"url":"https:\/\/hmtl.s3.amazonaws.com\/wp-content\/uploads\/2020\/09\/memento-og1.jpg","type":"image\/jpeg"}],"twitter_card":"summary_large_image","twitter_site":"@heritagemtl","schema":{"@context":"https:\/\/schema.org","@graph":[{"@type":"WebPage","@id":"https:\/\/memento.heritagemontreal.org\/en\/toolkit\/owners-tools-and-references\/","url":"https:\/\/memento.heritagemontreal.org\/en\/toolkit\/owners-tools-and-references\/","name":"Owners - Tools and references - H\u00e9ritage Montr\u00e9al","isPartOf":{"@id":"https:\/\/memento.heritagemontreal.org\/en\/#website"},"datePublished":"2020-10-02T16:24:44+00:00","dateModified":"2020-10-02T16:24:46+00:00","breadcrumb":{"@id":"https:\/\/memento.heritagemontreal.org\/en\/toolkit\/owners-tools-and-references\/#breadcrumb"},"inLanguage":"en-US","potentialAction":[{"@type":"ReadAction","target":["https:\/\/memento.heritagemontreal.org\/en\/toolkit\/owners-tools-and-references\/"]}]},{"@type":"BreadcrumbList","@id":"https:\/\/memento.heritagemontreal.org\/en\/toolkit\/owners-tools-and-references\/#breadcrumb","itemListElement":[{"@type":"ListItem","position":1,"name":"Home","item":"https:\/\/memento.heritagemontreal.org\/en\/"},{"@type":"ListItem","position":2,"name":"Toolkit","item":"https:\/\/memento.heritagemontreal.org\/en\/toolkit\/"},{"@type":"ListItem","position":3,"name":"Owners &#8211; Tools and references"}]},{"@type":"WebSite","@id":"https:\/\/memento.heritagemontreal.org\/en\/#website","url":"https:\/\/memento.heritagemontreal.org\/en\/","name":"H\u00e9ritage Montr\u00e9al","description":"Just another WordPress site","potentialAction":[{"@type":"SearchAction","target":{"@type":"EntryPoint","urlTemplate":"https:\/\/memento.heritagemontreal.org\/en\/?s={search_term_string}"},"query-input":{"@type":"PropertyValueSpecification","valueRequired":true,"valueName":"search_term_string"}}],"inLanguage":"en-US"}]}},"_links":{"self":[{"href":"https:\/\/memento.heritagemontreal.org\/en\/wp-json\/wp\/v2\/pages\/10795","targetHints":{"allow":["GET"]}}],"collection":[{"href":"https:\/\/memento.heritagemontreal.org\/en\/wp-json\/wp\/v2\/pages"}],"about":[{"href":"https:\/\/memento.heritagemontreal.org\/en\/wp-json\/wp\/v2\/types\/page"}],"author":[{"embeddable":true,"href":"https:\/\/memento.heritagemontreal.org\/en\/wp-json\/wp\/v2\/users\/4"}],"replies":[{"embeddable":true,"href":"https:\/\/memento.heritagemontreal.org\/en\/wp-json\/wp\/v2\/comments?post=10795"}],"version-history":[{"count":2,"href":"https:\/\/memento.heritagemontreal.org\/en\/wp-json\/wp\/v2\/pages\/10795\/revisions"}],"predecessor-version":[{"id":10797,"href":"https:\/\/memento.heritagemontreal.org\/en\/wp-json\/wp\/v2\/pages\/10795\/revisions\/10797"}],"up":[{"embeddable":true,"href":"https:\/\/memento.heritagemontreal.org\/en\/wp-json\/wp\/v2\/pages\/10732"}],"wp:attachment":[{"href":"https:\/\/memento.heritagemontreal.org\/en\/wp-json\/wp\/v2\/media?parent=10795"}],"curies":[{"name":"wp","href":"https:\/\/api.w.org\/{rel}","templated":true}]}}