{"id":10745,"date":"2020-10-01T18:08:06","date_gmt":"2020-10-01T18:08:06","guid":{"rendered":"https:\/\/memento.heritagemontreal.org\/?page_id=10745"},"modified":"2020-11-18T17:07:02","modified_gmt":"2020-11-18T17:07:02","slug":"our-mission","status":"publish","type":"page","link":"https:\/\/memento.heritagemontreal.org\/en\/our-mission\/","title":{"rendered":"Our mission"},"content":{"rendered":"\t\t<header>\n\t\t\t<div class=\"header-general \">\n\t\t\t\t\t\t\t\t\t\t\t\t<div class=\"back-btn-ctn\">\n\t\t\t\t\t<div class=\"container-fluid\">\n\t\t\t\t\t\t<div class=\"row\">\n\t\t\t\t\t\t\t<div class=\"offset-md-2 col-md-8 back\">\n\t\t\t\t\t\t\t\t<a class=\"back-arrow\" href=\"https:\/\/memento.heritagemontreal.org\/\">Back to la carte interactive<\/a>\n\t\t\t\t\t\t\t<\/div>\n\t\t\t\t\t\t<\/div>\n\t\t\t\t\t<\/div>\n\t\t\t\t<\/div>\n\t\t\t\t\t\t\t\t<div class=\"container-fluid\">\n\t\t\t\t\t<div class=\"row align-items-center \">\n\t\t\t\t\t\t<div class=\"col-md-6 col-xl-4 col-sm-10 offset-sm-1 offset-lg-2 content\">\n\t\t\t\t\t\t\t<p class=\"upper\"><\/p>\n\t\t\t\t\t\t\t<h1 class=\"title\">Together for the protection of our metropolitan heritage<\/h1>\n\t\t\t\t\t\t\t<div class=\"description\"><p>Be part of the actions that will forge the heritage of tomorrow: urban landscapes that are simultaneously natural, community-focused and well developed, and that continually convey and regenerate our local and metropolitan identity. The places that make the heart of the city beat\u2014over there, on the corner of the street, behind the parking lot, downtown, right in the middle of our history. A heritage\u2014our heritage\u2014deeply rooted in the past and promising a bright future. Most important, a future rich in heritage: a powerful source of inspiration and renewable energy prompting us to write the next chapters of that history and ensure its sustainability.<\/p>\n<\/div>\n\t\t\t\t\t\t\t\t\t\t\t\t\t<\/div>\n\t\t\t\t\t<\/div>\n\t\t\t\t<\/div>\n\t\t\t<\/div>\n\t\t<\/header>\n\n\n\t<section class=\"half-half-text-image\">\n\t\t<div class=\"container-fluid\">\n\t\t\t<div class=\"row align-items-center\">\n\t\t\t\t<div class=\"col-sm-10 offset-sm-1 col-lg-5 offset-lg-1\">\n\t\t\t\t\t<img loading=\"lazy\" decoding=\"async\" width=\"2560\" height=\"1920\" src=\"https:\/\/hmtl.s3.amazonaws.com\/wp-content\/uploads\/2018\/06\/2_Ste-Brigide4-scaled.jpeg\" class=\"side-image\" alt=\"Ancienne \u00e9cole Sainte Brigide\" srcset=\"https:\/\/hmtl.s3.amazonaws.com\/wp-content\/uploads\/2018\/06\/2_Ste-Brigide4-scaled.jpeg 2560w, https:\/\/hmtl.s3.amazonaws.com\/wp-content\/uploads\/2018\/06\/2_Ste-Brigide4-300x225.jpeg 300w, https:\/\/hmtl.s3.amazonaws.com\/wp-content\/uploads\/2018\/06\/2_Ste-Brigide4-1024x768.jpeg 1024w, https:\/\/hmtl.s3.amazonaws.com\/wp-content\/uploads\/2018\/06\/2_Ste-Brigide4-768x576.jpeg 768w, https:\/\/hmtl.s3.amazonaws.com\/wp-content\/uploads\/2018\/06\/2_Ste-Brigide4-1536x1152.jpeg 1536w, https:\/\/hmtl.s3.amazonaws.com\/wp-content\/uploads\/2018\/06\/2_Ste-Brigide4-2048x1536.jpeg 2048w\" sizes=\"auto, (max-width: 2560px) 100vw, 2560px\" \/>\t\t\t\t<\/div>\n\t\t\t\t<div class=\"order-first col-sm-10 offset-sm-1 col-lg-3 order-lg-2 offset-lg-1\">\n\t\t\t\t\t<div class=\"text-ctn\">\n\t\t\t\t\t\t<h2 class=\"title\">Mission of Memento<\/h2>\n\t\t\t\t\t\t<h3 class=\"subtitle\"><\/h3>\n\t\t\t\t\t\t<div class=\"text\"><p>Heritage Montreal created Memento, a platform for citizens to speak out, raise awareness and enhance and encourage the rehabilitation of threatened heritage sites in the Montreal area. The goal is to protect the identity of the metropolis and its neighbourhoods as well as its collective and local history.<\/p>\n<p>The platform lists threatened heritage sites in order to inform and mobilize citizens and public authorities. It reflects the files being followed by Heritage Montreal as well as the concerns of residents of the Montreal metropolitan area who have issued citizen alerts. The platform also offers tools to promote citizen mobilization.<\/p>\n<\/div>\n\t\t\t\t\t\t\t\t\t\t\t<\/div>\n\t\t\t\t<\/div>\n\t\t\t<\/div>\n\t\t<\/div>\n\t<\/section>\n\n\n\t<section class=\"full-width-text  dark-version\">\n\t\t<div class=\"container-fluid\">\n\t\t\t<div class=\"row\">\n\t\t\t\t<div class=\"col-sm-10 offset-sm-1 col-md-6 offset-md-3\">\n\t\t\t\t\t<div class=\"text-ctn\">\n\t\t\t\t\t\t\t\t\t\t\t\t<h2 class=\"title\">Vision and objectives of Memento<\/h2>\n\t\t\t\t\t\t\t\t\t\t\t\t\t\t\t\t\t\t<div class=\"content\"><p>The platform is the reference tool in the Montreal metropolitan area to advocate for the protection of heritage as well as to ensure the enhancement and protection of its territorial identity.<\/p>\n<p>It supports the evolution of the territory while respecting the quality of life of neighbourhoods, their memory and issues of sustainable urban development.<\/p>\n<p>Memento :<\/p>\n<ul>\n<li>is a tool to raise awareness, share information and monitor heritage sites, by providing content on current heritage issues, in particular with respect to threatened sites;<\/li>\n<li>facilitates mobilization by offering tools and best practices that contribute to increasing and supporting citizen participation for the protection of living environments;<\/li>\n<li>is a unifying tool, powered by Heritage Montreal and citizens, in partnership with municipalities and local organizations, such as historical societies and development corporations, which also serve as an important presence on the ground.<\/li>\n<\/ul>\n<\/div>\n\t\t\t\t\t\t\t\t\t\t\t<\/div>\n\t\t\t\t<\/div>\n\t\t\t<\/div>\n\t\t<\/div>\n\t<\/section>\n\n\n\t<section class=\"single-big-col\">\n\t\t<div class=\"container-fluid\">\n\t\t\t<div class=\"row\">\n\t\t\t\t<div class=\"col-sm-10 offset-sm-1 col-lg-8 offset-lg-2 col-xl-6 offset-xl-3\">\n\t\t\t\t\t\t\t\t\t\t<div class=\"media-ctn\">\n\t\t\t\t\t\t<iframe class=\"media\" src=\"https:\/\/www.youtube.com\/embed\/q2820kekMCI\" frameborder=\"0\" allow=\"accelerometer; autoplay; encrypted-media; gyroscope; picture-in-picture\" allowfullscreen><\/iframe>\n\t\t\t\t\t<\/div>\t\n\t\t\t\t\t\t\t\t\t<\/div>\n\t\t\t<\/div>\n\t\t<\/div>\n\t<\/section>\n\n\n\t<section class=\"cta-image-overlay\">\n\t\t<div class=\"container-fluid\">\n\t\t\t<div class=\"row\">\n\t\t\t\t<div class=\"col-sm-10 offset-sm-1\">\n\t\t\t\t\t<div class=\"cta-ctn\">\n\t\t\t\t\t\t<img decoding=\"async\" class=\"bg-image\" src=\"https:\/\/hmtl.s3.amazonaws.com\/wp-content\/uploads\/2019\/08\/Annotation-2020-03-13-122225.png\" alt=\"background image\">\n\t\t\t\t\t\t<div class=\"overlay\">\n\t\t\t\t\t\t\t<h2 class=\"title\">Role of Heritage Montr\u00e9al<\/h2>\n\t\t\t\t\t\t\t<p class=\"cta-text\">Since 1975, Heritage Montreal has worked to promote and to protect the architectural, historic, natural and cultural heritage of Greater Montreal, its neighbourhoods and communities. This private non-profit organization is at the heart of an extensive network of partners, working through education and representation to celebrate, develop and preserve the identity and uniqueness of the Greater Montr\u00e9al area.\r\n\r\nSometimes our actions are direct, and very public. Other times they are more discreet. Heritage, though, is everyone\u2019s concern. With this platform, Heritage Montr\u00e9al seeks to provide you with better support and guidance, and help catalyze your ambitions, ideas and actions. Whether our roles are to explore, to reveal, to protect, to generate ideas or to invest, this platform will help us all maintain cohesive, consistent and informed action to create a heritage for the future.<\/p>\n\t\t\t\t\t\t\t\t\t\t\t\t\t<\/div>\n\t\t\t\t\t<\/div>\n\t\t\t\t<\/div>\n\t\t\t<\/div>\n\t\t<\/div>\n\t<\/section>\n\n\n\t<section class=\"full-width-text  dark-version\">\n\t\t<div class=\"container-fluid\">\n\t\t\t<div class=\"row\">\n\t\t\t\t<div class=\"col-sm-10 offset-sm-1 col-md-6 offset-md-3\">\n\t\t\t\t\t<div class=\"text-ctn\">\n\t\t\t\t\t\t\t\t\t\t\t\t<h2 class=\"title\">Credits<\/h2>\n\t\t\t\t\t\t\t\t\t\t\t\t\t\t\t\t\t\t<div class=\"content\"><p>Project coordinator : Mathieu Boisclair, H\u00e9ritage Montr\u00e9al<\/p>\n<p>Programming and design : <a href=\"https:\/\/la-grange.ca\/\">La Grange<\/a><\/p>\n<p>Visual identity : <a href=\"https:\/\/rethinkcanada.com\/\">Rethink<\/a><\/p>\n<p>Texts : <a href=\"https:\/\/www.heritagemontreal.org\/\">H\u00e9ritage Montr\u00e9al<\/a>, except when specified (citizens alerts)<\/p>\n<p>Production &#8211;\u00a0<em>InspirActions\u00a0<\/em>videos : #1 \u00e0 #13 Jonathan Lapalme; #14 \u00e0 16 : Gary Paitre<\/p>\n<p>Production &#8211; Introduction video : Laurent Bernier<\/p>\n<\/div>\n\t\t\t\t\t\t\t\t\t\t\t<\/div>\n\t\t\t\t<\/div>\n\t\t\t<\/div>\n\t\t<\/div>\n\t<\/section>\n\n\n\t<section class=\"thumbnails-list\">\n\t\t<div class=\"container-fluid\">\n\t\t\t<div class=\"row\">\n\t\t\t\t<div class=\"col-sm-10 offset-sm-1 col-md-8 offset-md-2 offset-lg-2\">\n\t\t\t\t\t<h2 class=\"section-title\">They generously collaborated to Memento<\/h2>\n\t\t\t\t\t<p class=\"description\"><\/p>\n\t\t\t\t<\/div>\n\t\t\t<\/div>\n\t\t\t<div class=\"row\">\n\t\t\t\t<div class=\"col-sm-10 offset-sm-1 col-md-8 offset-md-2\">\n\t\t\t\t\t<div class=\"thumbnails-ctn\">\n\t\t\t\t\t\t\t\t\t\t\t\t<a class=\"thumbnail\" href=\"https:\/\/www.callosum.ca\/fr\/\" target=\"_blank\">\n\t\t\t\t\t\t\t<img decoding=\"async\" src=\"https:\/\/hmtl.s3.amazonaws.com\/wp-content\/uploads\/2020\/09\/Logo_Callosum_NB.png\" alt=\"thumbnail\">\n\t\t\t\t\t\t<\/a>\n\t\t\t\t\t\t\t\t\t\t\t\t<a class=\"thumbnail\" href=\"https:\/\/toumoro.com\/\" target=\"_blank\">\n\t\t\t\t\t\t\t<img decoding=\"async\" src=\"https:\/\/hmtl.s3.amazonaws.com\/wp-content\/uploads\/2020\/09\/Toumoro.png\" alt=\"thumbnail\">\n\t\t\t\t\t\t<\/a>\n\t\t\t\t\t\t\t\t\t\t\t\t<a class=\"thumbnail\" href=\"https:\/\/casacom.ca\/\" target=\"_blank\">\n\t\t\t\t\t\t\t<img decoding=\"async\" src=\"https:\/\/hmtl.s3.amazonaws.com\/wp-content\/uploads\/2020\/09\/Logo_CASACOM_2018-COUL-RGB.png\" alt=\"thumbnail\">\n\t\t\t\t\t\t<\/a>\n\t\t\t\t\t\t\t\t\t\t\t\t<a class=\"thumbnail\" href=\"https:\/\/www.fasken.com\/fr\/\" target=\"_blank\">\n\t\t\t\t\t\t\t<img decoding=\"async\" src=\"https:\/\/hmtl.s3.amazonaws.com\/wp-content\/uploads\/2020\/09\/Fasken.png\" alt=\"thumbnail\">\n\t\t\t\t\t\t<\/a>\n\t\t\t\t\t\t\t\t\t\t\t<\/div>\n\t\t\t\t<\/div>\n\t\t\t<\/div>\n\t\t<\/div>\n\t<\/section>\n\n\n\t<section class=\"thumbnails-list\">\n\t\t<div class=\"container-fluid\">\n\t\t\t<div class=\"row\">\n\t\t\t\t<div class=\"col-sm-10 offset-sm-1 col-md-8 offset-md-2 offset-lg-2\">\n\t\t\t\t\t<h2 class=\"section-title\">Partners<\/h2>\n\t\t\t\t\t<p class=\"description\">Memento is financed through the Entente de d\u00e9veloppement culturel de Montr\u00e9al, an agreement between the City of Montreal and the Quebec government, and through the Fonds d&#8217;initiative et de rayonnement de la m\u00e9tropole (FIRM) of the Secr\u00e9tariat \u00e0 la r\u00e9gion m\u00e9tropolitaine of the Minist\u00e8re des Affaires municipales et de l&#8217;Habitation.<\/p>\n\t\t\t\t<\/div>\n\t\t\t<\/div>\n\t\t\t<div class=\"row\">\n\t\t\t\t<div class=\"col-sm-10 offset-sm-1 col-md-8 offset-md-2\">\n\t\t\t\t\t<div class=\"thumbnails-ctn\">\n\t\t\t\t\t\t\t\t\t\t\t\t<div class=\"thumbnail\">\n\t\t\t\t\t\t\t<img decoding=\"async\" src=\"https:\/\/hmtl.s3.amazonaws.com\/wp-content\/uploads\/2020\/09\/VilleMontreal_logo-e1599768267328.png\" alt=\"thumbnail\">\n\t\t\t\t\t\t<\/div>\t\t\t\n\t\t\t\t\t\t\t\t\t\t\t\t<div class=\"thumbnail\">\n\t\t\t\t\t\t\t<img decoding=\"async\" src=\"https:\/\/hmtl.s3.amazonaws.com\/wp-content\/uploads\/2020\/09\/Logo-GvtQc-e1599768286496.png\" alt=\"thumbnail\">\n\t\t\t\t\t\t<\/div>\t\t\t\n\t\t\t\t\t\t\t\t\t\t\t<\/div>\n\t\t\t\t<\/div>\n\t\t\t<\/div>\n\t\t<\/div>\n\t<\/section>\n\n\n\t<section class=\"full-width-text  \">\n\t\t<div class=\"container-fluid\">\n\t\t\t<div class=\"row\">\n\t\t\t\t<div class=\"col-sm-10 offset-sm-1 col-md-6 offset-md-3\">\n\t\t\t\t\t<div class=\"text-ctn\">\n\t\t\t\t\t\t\t\t\t\t\t\t<h2 class=\"title\">Acknowledgments<\/h2>\n\t\t\t\t\t\t\t\t\t\t\t\t\t\t\t\t\t\t<div class=\"content\"><p>We would also like to thank all those who worked on the H-MTL Platform (2015-2020).<\/p>\n<p>*Memento is a trademark of H\u00e9ritage Montr\u00e9al<\/p>\n<\/div>\n\t\t\t\t\t\t\t\t\t\t\t<\/div>\n\t\t\t\t<\/div>\n\t\t\t<\/div>\n\t\t<\/div>\n\t<\/section>\n\n\n\n<p><\/p>\n","protected":false},"excerpt":{"rendered":"","protected":false},"author":4,"featured_media":0,"parent":0,"menu_order":33,"comment_status":"closed","ping_status":"closed","template":"","meta":{"footnotes":""},"class_list":["post-10745","page","type-page","status-publish","hentry"],"acf":[],"yoast_head":"<!-- This site is optimized with the Yoast SEO plugin v27.0 - https:\/\/yoast.com\/product\/yoast-seo-wordpress\/ -->\n<title>Our mission - H\u00e9ritage Montr\u00e9al<\/title>\n<meta name=\"robots\" content=\"index, follow, max-snippet:-1, max-image-preview:large, max-video-preview:-1\" \/>\n<link rel=\"canonical\" href=\"https:\/\/memento.heritagemontreal.org\/en\/our-mission\/\" \/>\n<meta property=\"og:locale\" content=\"en_US\" \/>\n<meta property=\"og:type\" content=\"article\" \/>\n<meta property=\"og:title\" content=\"Our mission - H\u00e9ritage Montr\u00e9al\" \/>\n<meta property=\"og:url\" content=\"https:\/\/memento.heritagemontreal.org\/en\/our-mission\/\" \/>\n<meta property=\"og:site_name\" content=\"H\u00e9ritage Montr\u00e9al\" \/>\n<meta property=\"article:publisher\" content=\"https:\/\/www.facebook.com\/heritagemontreal\" \/>\n<meta property=\"article:modified_time\" content=\"2020-11-18T17:07:02+00:00\" \/>\n<meta property=\"og:image\" content=\"https:\/\/hmtl.s3.amazonaws.com\/wp-content\/uploads\/2020\/09\/memento-og1.jpg\" \/>\n\t<meta property=\"og:image:width\" content=\"1200\" \/>\n\t<meta property=\"og:image:height\" content=\"630\" \/>\n\t<meta property=\"og:image:type\" content=\"image\/jpeg\" \/>\n<meta name=\"twitter:card\" content=\"summary_large_image\" \/>\n<meta name=\"twitter:site\" content=\"@heritagemtl\" \/>\n<script type=\"application\/ld+json\" class=\"yoast-schema-graph\">{\"@context\":\"https:\/\/schema.org\",\"@graph\":[{\"@type\":\"WebPage\",\"@id\":\"https:\/\/memento.heritagemontreal.org\/en\/our-mission\/\",\"url\":\"https:\/\/memento.heritagemontreal.org\/en\/our-mission\/\",\"name\":\"Our mission - H\u00e9ritage Montr\u00e9al\",\"isPartOf\":{\"@id\":\"https:\/\/memento.heritagemontreal.org\/en\/#website\"},\"datePublished\":\"2020-10-01T18:08:06+00:00\",\"dateModified\":\"2020-11-18T17:07:02+00:00\",\"breadcrumb\":{\"@id\":\"https:\/\/memento.heritagemontreal.org\/en\/our-mission\/#breadcrumb\"},\"inLanguage\":\"en-US\",\"potentialAction\":[{\"@type\":\"ReadAction\",\"target\":[\"https:\/\/memento.heritagemontreal.org\/en\/our-mission\/\"]}]},{\"@type\":\"BreadcrumbList\",\"@id\":\"https:\/\/memento.heritagemontreal.org\/en\/our-mission\/#breadcrumb\",\"itemListElement\":[{\"@type\":\"ListItem\",\"position\":1,\"name\":\"Home\",\"item\":\"https:\/\/memento.heritagemontreal.org\/en\/\"},{\"@type\":\"ListItem\",\"position\":2,\"name\":\"Our mission\"}]},{\"@type\":\"WebSite\",\"@id\":\"https:\/\/memento.heritagemontreal.org\/en\/#website\",\"url\":\"https:\/\/memento.heritagemontreal.org\/en\/\",\"name\":\"H\u00e9ritage Montr\u00e9al\",\"description\":\"Just another WordPress site\",\"potentialAction\":[{\"@type\":\"SearchAction\",\"target\":{\"@type\":\"EntryPoint\",\"urlTemplate\":\"https:\/\/memento.heritagemontreal.org\/en\/?s={search_term_string}\"},\"query-input\":{\"@type\":\"PropertyValueSpecification\",\"valueRequired\":true,\"valueName\":\"search_term_string\"}}],\"inLanguage\":\"en-US\"}]}<\/script>\n<!-- \/ Yoast SEO plugin. -->","yoast_head_json":{"title":"Our mission - H\u00e9ritage Montr\u00e9al","robots":{"index":"index","follow":"follow","max-snippet":"max-snippet:-1","max-image-preview":"max-image-preview:large","max-video-preview":"max-video-preview:-1"},"canonical":"https:\/\/memento.heritagemontreal.org\/en\/our-mission\/","og_locale":"en_US","og_type":"article","og_title":"Our mission - H\u00e9ritage Montr\u00e9al","og_url":"https:\/\/memento.heritagemontreal.org\/en\/our-mission\/","og_site_name":"H\u00e9ritage Montr\u00e9al","article_publisher":"https:\/\/www.facebook.com\/heritagemontreal","article_modified_time":"2020-11-18T17:07:02+00:00","og_image":[{"width":1200,"height":630,"url":"https:\/\/hmtl.s3.amazonaws.com\/wp-content\/uploads\/2020\/09\/memento-og1.jpg","type":"image\/jpeg"}],"twitter_card":"summary_large_image","twitter_site":"@heritagemtl","schema":{"@context":"https:\/\/schema.org","@graph":[{"@type":"WebPage","@id":"https:\/\/memento.heritagemontreal.org\/en\/our-mission\/","url":"https:\/\/memento.heritagemontreal.org\/en\/our-mission\/","name":"Our mission - H\u00e9ritage Montr\u00e9al","isPartOf":{"@id":"https:\/\/memento.heritagemontreal.org\/en\/#website"},"datePublished":"2020-10-01T18:08:06+00:00","dateModified":"2020-11-18T17:07:02+00:00","breadcrumb":{"@id":"https:\/\/memento.heritagemontreal.org\/en\/our-mission\/#breadcrumb"},"inLanguage":"en-US","potentialAction":[{"@type":"ReadAction","target":["https:\/\/memento.heritagemontreal.org\/en\/our-mission\/"]}]},{"@type":"BreadcrumbList","@id":"https:\/\/memento.heritagemontreal.org\/en\/our-mission\/#breadcrumb","itemListElement":[{"@type":"ListItem","position":1,"name":"Home","item":"https:\/\/memento.heritagemontreal.org\/en\/"},{"@type":"ListItem","position":2,"name":"Our mission"}]},{"@type":"WebSite","@id":"https:\/\/memento.heritagemontreal.org\/en\/#website","url":"https:\/\/memento.heritagemontreal.org\/en\/","name":"H\u00e9ritage Montr\u00e9al","description":"Just another WordPress site","potentialAction":[{"@type":"SearchAction","target":{"@type":"EntryPoint","urlTemplate":"https:\/\/memento.heritagemontreal.org\/en\/?s={search_term_string}"},"query-input":{"@type":"PropertyValueSpecification","valueRequired":true,"valueName":"search_term_string"}}],"inLanguage":"en-US"}]}},"_links":{"self":[{"href":"https:\/\/memento.heritagemontreal.org\/en\/wp-json\/wp\/v2\/pages\/10745","targetHints":{"allow":["GET"]}}],"collection":[{"href":"https:\/\/memento.heritagemontreal.org\/en\/wp-json\/wp\/v2\/pages"}],"about":[{"href":"https:\/\/memento.heritagemontreal.org\/en\/wp-json\/wp\/v2\/types\/page"}],"author":[{"embeddable":true,"href":"https:\/\/memento.heritagemontreal.org\/en\/wp-json\/wp\/v2\/users\/4"}],"replies":[{"embeddable":true,"href":"https:\/\/memento.heritagemontreal.org\/en\/wp-json\/wp\/v2\/comments?post=10745"}],"version-history":[{"count":6,"href":"https:\/\/memento.heritagemontreal.org\/en\/wp-json\/wp\/v2\/pages\/10745\/revisions"}],"predecessor-version":[{"id":11163,"href":"https:\/\/memento.heritagemontreal.org\/en\/wp-json\/wp\/v2\/pages\/10745\/revisions\/11163"}],"wp:attachment":[{"href":"https:\/\/memento.heritagemontreal.org\/en\/wp-json\/wp\/v2\/media?parent=10745"}],"curies":[{"name":"wp","href":"https:\/\/api.w.org\/{rel}","templated":true}]}}